{"id":1211,"date":"2024-12-24T18:41:17","date_gmt":"2024-12-24T18:41:17","guid":{"rendered":"https:\/\/www.casaholisticamaschwitz.com\/dragondeloto\/?page_id=1211"},"modified":"2026-03-28T20:34:12","modified_gmt":"2026-03-28T20:34:12","slug":"programa-formacion-mulanquan","status":"publish","type":"page","link":"https:\/\/www.casaholisticamaschwitz.com\/dragondeloto\/programa-formacion-mulanquan\/","title":{"rendered":"Programa Formaci\u00f3n Mulanquan"},"content":{"rendered":"\n<div class=\"section-wrapper\" data-id=\"9rsSZi\"><section class=\"wp-block-gutenverse-section guten-element guten-section guten-9rsSZi layout-boxed align-stretch\"><div class=\"guten-background-overlay\"><\/div><div class=\"guten-container guten-column-gap-default\">\n<div class=\"wp-block-gutenverse-column guten-element guten-column guten-8F5CTQ\"><div class=\"guten-column-wrapper\" data-id=\"8F5CTQ\">\n<h1 class=\"wp-block-gutenverse-heading guten-element guten-gEClE2\">mulanquan<\/h1>\n\n\n\n<h5 class=\"wp-block-gutenverse-heading guten-element guten-ktXMHC\">formaci\u00f3n libre<\/h5>\n<\/div><\/div>\n\n\n\n<div class=\"wp-block-gutenverse-column guten-element guten-column guten-HyAi7p\"><div class=\"guten-column-wrapper\" data-id=\"HyAi7p\">\n<div class=\"guten-element guten-icon-list guten-gMJwuM\"><div class=\" list-wrapper inline-icon-list\">\n<div class=\"guten-element guten-icon-list-item guten-9rtfCo\"><div class=\"list-divider\"><\/div><a id=\"guten-9rtfCo\"><span class=\"list-text no-icon\">Inicio<\/span><\/a><\/div>\n\n\n\n<div class=\"guten-element guten-icon-list-item guten-Ey0PP1\"><div class=\"list-divider\"><\/div><a id=\"guten-Ey0PP1\"><i class=\"fas fa-chevron-right\"><\/i><span class=\"list-text \">Instructorado Mulanquan<\/span><\/a><\/div>\n<\/div><\/div>\n<\/div><\/div>\n<\/div><\/section><\/div>\n\n\n\n<div class=\"section-wrapper\" data-id=\"Ad70Lo\"><section class=\"wp-block-gutenverse-section guten-element guten-section guten-Ad70Lo layout-boxed align-stretch\"><div class=\"guten-container guten-column-gap-default\">\n<div class=\"wp-block-gutenverse-column guten-element guten-column guten-ZXlave\"><div class=\"guten-column-wrapper\" data-id=\"ZXlave\">\n<h2 class=\"wp-block-gutenverse-heading guten-element guten-shTxPe animated guten-element-hide slow desktop-fadeInUp\">instructorado de mulanquan<\/h2>\n\n\n\n<h2 class=\"wp-block-gutenverse-heading guten-element guten-g53Ku9\">programa a distancia<\/h2>\n\n\n\n<p class=\"has-text-align-center\">Esta modalidad contempla el apoyo al estudiante mediante videos, material te\u00f3rico y acompa\u00f1amiento en forma virtual.<br><strong>Los ex\u00e1menes se programan una vez al a\u00f1o, en los meses de Noviembre-Diciembre.<\/strong><\/p>\n<\/div><\/div>\n<\/div><\/section><\/div>\n\n\n\n<div class=\"section-wrapper\" data-id=\"7vnf4Y\"><section class=\"wp-block-gutenverse-section guten-element guten-section guten-7vnf4Y layout-boxed align-stretch\"><div class=\"guten-container guten-column-gap-no\">\n<div class=\"wp-block-gutenverse-column guten-element guten-column guten-YTZLqT\"><div class=\"guten-column-wrapper\" data-id=\"YTZLqT\">\n<div class=\"section-wrapper\" data-id=\"4pJY2Z\"><section class=\"wp-block-gutenverse-section guten-element guten-section guten-4pJY2Z layout-boxed align-stretch\"><div class=\"guten-container guten-column-gap-default\">\n<div class=\"wp-block-gutenverse-column guten-element guten-column guten-PrXIjH animated guten-element-hide desktop-fadeInLeft\"><div class=\"guten-column-wrapper\" data-id=\"PrXIjH\">\n<h2 class=\"wp-block-gutenverse-heading guten-element guten-C8NbML\">mulanquan<\/h2>\n\n\n\n<h5 class=\"wp-block-gutenverse-heading guten-element guten-nmJbLZ animated guten-element-hide desktop-fadeInLeft\">arte marcial interno<\/h5>\n\n\n\n<p>Combina los ejercicios del Qi Gong, las formas del Taijiquan y las evoluciones de la Danza Folkl\u00f3rica China, en un armonioso equilibrio.<br>La <strong>Maestra Ying Meifeng<\/strong> cre\u00f3 el estilo Mulanquan, basado en movimientos r\u00edtmicos y en\u00e9rgicos, con un enfoque en la salud. Lo nombr\u00f3 en honor a la guerrera china Mulan. <\/p>\n\n\n\n<p>La <strong>Maestra Wu Hui Min<\/strong> (Ana Wu), disc\u00edpula directa de Ying Meifeng, introdujo este estilo en Sudam\u00e9rica, comenzando en Argentina, donde no se conoc\u00eda, y se convirti\u00f3 en una figura clave del Mulanquan en el continente.<\/p>\n\n\n\n<div class=\"guten-element guten-button-wrapper guten-Ld0Gkg\"><a class=\"guten-button guten-button-sm\" href=\"https:\/\/www.casaholisticamaschwitz.com\/dragondeloto\/mulan-miembros\/\" target=\"_blank\" rel=\"noreferrer noopener\"><i class=\"fa-lg fas fa-user\"><\/i><span>login miembros<\/span><\/a><\/div>\n<\/div><\/div>\n\n\n\n<div class=\"wp-block-gutenverse-column guten-element guten-column guten-MA6hmY\"><div class=\"guten-column-wrapper\" data-id=\"MA6hmY\">\n<div class=\"guten-element guten-EkR2j4 animated guten-element-hide desktop-fadeInUp guten-icon-box icon-position-left\"><div class=\"guten-icon-box-wrapper hover-from-left\"><div class=\"icon-box icon-box-header\"><div class=\"icon bg-style-color\"><i class=\"gtn gtn-calendar-full-light icon-style-color\"><\/i><\/div><\/div><div class=\"icon-box icon-box-body\"><h3 class=\"title\">Clases de apoyo<\/h3><p class=\"icon-box-description\">Clase de apoyo mensual personalizada, por zoom. Consultar disponibilidad.<\/p><\/div><\/div><\/div>\n\n\n\n<div class=\"guten-element guten-qVJ28q animated guten-element-hide desktop-fadeInUp guten-icon-box icon-position-left\"><div class=\"guten-icon-box-wrapper hover-from-left\"><div class=\"icon-box icon-box-header\"><div class=\"icon bg-style-color\"><i class=\"gtn gtn-one-light icon-style-color\"><\/i><\/div><\/div><div class=\"icon-box icon-box-body\"><h3 class=\"title\">Nivel 1 Inicial<\/h3><p class=\"icon-box-description\">Formas b\u00e1sicas y avanzadas. T\u00e9cnicas de Movimientos corporales aplicados al Mulanquan. Interpretaci\u00f3n de Movimientos. Terap\u00e9utica del Mulanquan.<\/p><\/div><\/div><\/div>\n<\/div><\/div>\n<\/div><\/section><\/div>\n<\/div><\/div>\n<\/div><\/section><\/div>\n\n\n\n<div class=\"section-wrapper\" data-id=\"wPrX0k\"><section class=\"wp-block-gutenverse-section guten-element guten-section guten-wPrX0k layout-boxed align-stretch\"><div class=\"guten-background-overlay\"><\/div><div class=\"guten-container guten-column-gap-no\">\n<div class=\"wp-block-gutenverse-column guten-element guten-column guten-Eb8hht\"><div class=\"guten-column-wrapper\" data-id=\"Eb8hht\">\n<h2 class=\"wp-block-gutenverse-heading guten-element guten-9XPxZF animated guten-element-hide slow desktop-fadeInUp\">nivel inicial mulanquan<\/h2>\n\n\n\n<h2 class=\"wp-block-gutenverse-heading guten-element guten-17Z4U3\">programa 2026<\/h2>\n\n\n\n<div class=\"guten-element gutenverse-text-editor guten-MlEI7U\"><div class=\"text-content-inner\">\n<p class=\"has-intrace-body-text-color has-text-color has-link-color wp-elements-3be5688254a482fb27c64d2582323258\">Pr\u00e1ctica y terap\u00e9utica. Clases de apoyo EN VIVO (opcional). Videos &amp; teor\u00eda en PDF.<\/p>\n<\/div><\/div>\n\n\n\n<div class=\"section-wrapper\" data-id=\"ET2YCB\"><section class=\"wp-block-gutenverse-section guten-element guten-section guten-ET2YCB animated guten-element-hide slow desktop-fadeInUp layout-boxed align-stretch\"><div class=\"guten-container guten-column-gap-default\">\n<div class=\"wp-block-gutenverse-column guten-element guten-column guten-qJSZAP\"><div class=\"guten-column-wrapper\" data-id=\"qJSZAP\">\n<div class=\"guten-element guten-1e2nBG guten-icon-box icon-position-top\"><div class=\"guten-icon-box-wrapper hover-from-arise\"><a class=\"\" href=\"https:\/\/www.casaholisticamaschwitz.com\/dragondeloto\/programa-formacion-qi-gong\/sistema-digestivo\/\"><div class=\"icon-box icon-box-header\"><div class=\"icon bg-style-color\"><i class=\"fas fa-yin-yang icon-style-color\"><\/i><\/div><\/div><\/a><div class=\"icon-box icon-box-body\"><a class=\"\" href=\"https:\/\/www.casaholisticamaschwitz.com\/dragondeloto\/programa-formacion-qi-gong\/sistema-digestivo\/\"><h3 class=\"title\">Forma B\u00e1sica 12 movimientos.<\/h3><\/a><a class=\"\" href=\"https:\/\/www.casaholisticamaschwitz.com\/dragondeloto\/programa-formacion-qi-gong\/sistema-digestivo\/\"><p class=\"icon-box-description\">T\u00e9cnicas de Movimientos corporales de pasos y pu\u00f1os. Interpretaci\u00f3n de Movimientos. <\/p><\/a>\n<div class=\"guten-element guten-button-wrapper guten-LEVhLE\"><a class=\"guten-button guten-button-sm\" href=\"https:\/\/www.casaholisticamaschwitz.com\/dragondeloto\/registro\/\"><span>registrarme<\/span><\/a><\/div>\n<\/div><\/div><\/div>\n<\/div><\/div>\n\n\n\n<div class=\"wp-block-gutenverse-column guten-element guten-column guten-zEs3ZU\"><div class=\"guten-column-wrapper\" data-id=\"zEs3ZU\">\n<div class=\"guten-element guten-62QnGp guten-icon-box icon-position-top\"><div class=\"guten-icon-box-wrapper hover-from-arise\"><a class=\"\" href=\"https:\/\/www.casaholisticamaschwitz.com\/dragondeloto\/programa-formacion-qi-gong\/sistema-respiratorio\/\"><div class=\"icon-box icon-box-header\"><div class=\"icon bg-style-color\"><i class=\"fas fa-yin-yang icon-style-color\"><\/i><\/div><\/div><\/a><div class=\"icon-box icon-box-body\"><a class=\"\" href=\"https:\/\/www.casaholisticamaschwitz.com\/dragondeloto\/programa-formacion-qi-gong\/sistema-respiratorio\/\"><h3 class=\"title\">Forma 38 Abanico simple oficial<\/h3><\/a><a class=\"\" href=\"https:\/\/www.casaholisticamaschwitz.com\/dragondeloto\/programa-formacion-qi-gong\/sistema-respiratorio\/\"><p class=\"icon-box-description\">T\u00e9cnicas de Movimientos corporales con abanico simple, aplicados al Mulanquan.<\/p><\/a>\n<div class=\"guten-element guten-button-wrapper guten-eFl7S7\"><a class=\"guten-button guten-button-sm\" href=\"https:\/\/www.casaholisticamaschwitz.com\/dragondeloto\/registro\/\"><span>registrarme<\/span><\/a><\/div>\n<\/div><\/div><\/div>\n<\/div><\/div>\n\n\n\n<div class=\"wp-block-gutenverse-column guten-element guten-column guten-TZXrcu\"><div class=\"guten-column-wrapper\" data-id=\"TZXrcu\">\n<div class=\"guten-element guten-zrCVNY guten-icon-box icon-position-top\"><div class=\"guten-icon-box-wrapper hover-from-arise\"><a class=\"\" href=\"https:\/\/www.casaholisticamaschwitz.com\/dragondeloto\/programa-formacion-qi-gong\/yin-rinon\/\"><div class=\"icon-box icon-box-header\"><div class=\"icon bg-style-color\"><i class=\"fas fa-yin-yang icon-style-color\"><\/i><\/div><\/div><\/a><div class=\"icon-box icon-box-body\"><a class=\"\" href=\"https:\/\/www.casaholisticamaschwitz.com\/dragondeloto\/programa-formacion-qi-gong\/yin-rinon\/\"><h3 class=\"title\">Terap\u00e9utica y filosof\u00eda de Mulanquan<\/h3><\/a><a class=\"\" href=\"https:\/\/www.casaholisticamaschwitz.com\/dragondeloto\/programa-formacion-qi-gong\/yin-rinon\/\"><p class=\"icon-box-description\">Terap\u00e9utica b\u00e1sica de los 12 Movimientos. Beneficios e Historia del Mulanquan.<\/p><\/a>\n<div class=\"guten-element guten-button-wrapper guten-4yL6Uh\"><a class=\"guten-button guten-button-sm\" href=\"https:\/\/www.casaholisticamaschwitz.com\/dragondeloto\/registro\/\"><span>registrarme<\/span><\/a><\/div>\n<\/div><\/div><\/div>\n<\/div><\/div>\n<\/div><\/section><\/div>\n<\/div><\/div>\n<\/div><\/section><\/div>\n\n\n\n<p><\/p>\n","protected":false},"excerpt":{"rendered":"","protected":false},"author":1,"featured_media":0,"parent":0,"menu_order":0,"comment_status":"closed","ping_status":"closed","template":"programa-mulanquan","meta":{"_joinchat":[],"footnotes":""},"class_list":["post-1211","page","type-page","status-publish","hentry"],"yoast_head":"<!-- This site is optimized with the Yoast SEO plugin v27.3 - https:\/\/yoast.com\/product\/yoast-seo-wordpress\/ -->\n<title>Mulanquan en Argentina \u2013 Formaci\u00f3n y Clases | Drag\u00f3n de Loto<\/title>\n<meta name=\"description\" content=\"Formaci\u00f3n en Mulanquan en Argentina. Clases y entrenamiento en este arte interno bajo la gu\u00eda de Nerina, disc\u00edpula de la Maestra Ana Wu.\" \/>\n<meta name=\"robots\" content=\"index, follow, max-snippet:-1, max-image-preview:large, max-video-preview:-1\" \/>\n<link rel=\"canonical\" href=\"https:\/\/www.casaholisticamaschwitz.com\/dragondeloto\/programa-formacion-mulanquan\/\" \/>\n<meta property=\"og:locale\" content=\"es_ES\" \/>\n<meta property=\"og:type\" content=\"article\" \/>\n<meta property=\"og:title\" content=\"Mulanquan en Argentina \u2013 Formaci\u00f3n y Clases | Drag\u00f3n de Loto\" \/>\n<meta property=\"og:description\" content=\"Formaci\u00f3n en Mulanquan en Argentina. Clases y entrenamiento en este arte interno bajo la gu\u00eda de Nerina, disc\u00edpula de la Maestra Ana Wu.\" \/>\n<meta property=\"og:url\" content=\"https:\/\/www.casaholisticamaschwitz.com\/dragondeloto\/programa-formacion-mulanquan\/\" \/>\n<meta property=\"og:site_name\" content=\"Drag\u00f3n de Loto\" \/>\n<meta property=\"article:publisher\" content=\"https:\/\/www.facebook.com\/nerina.armonia.integral\" \/>\n<meta property=\"article:modified_time\" content=\"2026-03-28T20:34:12+00:00\" \/>\n<meta property=\"og:image\" content=\"https:\/\/www.casaholisticamaschwitz.com\/dragondeloto\/wp-content\/uploads\/2024\/03\/contacto.jpg\" \/>\n\t<meta property=\"og:image:width\" content=\"1600\" \/>\n\t<meta property=\"og:image:height\" content=\"901\" \/>\n\t<meta property=\"og:image:type\" content=\"image\/jpeg\" \/>\n<meta name=\"twitter:card\" content=\"summary_large_image\" \/>\n<meta name=\"twitter:label1\" content=\"Tiempo de lectura\" \/>\n\t<meta name=\"twitter:data1\" content=\"2 minutos\" \/>\n<script type=\"application\/ld+json\" class=\"yoast-schema-graph\">{\"@context\":\"https:\\\/\\\/schema.org\",\"@graph\":[{\"@type\":\"WebPage\",\"@id\":\"https:\\\/\\\/www.casaholisticamaschwitz.com\\\/dragondeloto\\\/programa-formacion-mulanquan\\\/\",\"url\":\"https:\\\/\\\/www.casaholisticamaschwitz.com\\\/dragondeloto\\\/programa-formacion-mulanquan\\\/\",\"name\":\"Mulanquan en Argentina \u2013 Formaci\u00f3n y Clases | Drag\u00f3n de Loto\",\"isPartOf\":{\"@id\":\"https:\\\/\\\/www.casaholisticamaschwitz.com\\\/dragondeloto\\\/#website\"},\"datePublished\":\"2024-12-24T18:41:17+00:00\",\"dateModified\":\"2026-03-28T20:34:12+00:00\",\"description\":\"Formaci\u00f3n en Mulanquan en Argentina. Clases y entrenamiento en este arte interno bajo la gu\u00eda de Nerina, disc\u00edpula de la Maestra Ana Wu.\",\"breadcrumb\":{\"@id\":\"https:\\\/\\\/www.casaholisticamaschwitz.com\\\/dragondeloto\\\/programa-formacion-mulanquan\\\/#breadcrumb\"},\"inLanguage\":\"es\",\"potentialAction\":[{\"@type\":\"ReadAction\",\"target\":[\"https:\\\/\\\/www.casaholisticamaschwitz.com\\\/dragondeloto\\\/programa-formacion-mulanquan\\\/\"]}]},{\"@type\":\"BreadcrumbList\",\"@id\":\"https:\\\/\\\/www.casaholisticamaschwitz.com\\\/dragondeloto\\\/programa-formacion-mulanquan\\\/#breadcrumb\",\"itemListElement\":[{\"@type\":\"ListItem\",\"position\":1,\"name\":\"Portada\",\"item\":\"https:\\\/\\\/www.casaholisticamaschwitz.com\\\/dragondeloto\\\/\"},{\"@type\":\"ListItem\",\"position\":2,\"name\":\"Programa Formaci\u00f3n Mulanquan\"}]},{\"@type\":\"WebSite\",\"@id\":\"https:\\\/\\\/www.casaholisticamaschwitz.com\\\/dragondeloto\\\/#website\",\"url\":\"https:\\\/\\\/www.casaholisticamaschwitz.com\\\/dragondeloto\\\/\",\"name\":\"Drag\u00f3n de Loto\",\"description\":\"Qi Gong, Taijiquan, Mulanquan\",\"publisher\":{\"@id\":\"https:\\\/\\\/www.casaholisticamaschwitz.com\\\/dragondeloto\\\/#\\\/schema\\\/person\\\/595faa0c3a5b12bcf2efba565ce6e56a\"},\"alternateName\":\"Qi Gong a distancia\",\"potentialAction\":[{\"@type\":\"SearchAction\",\"target\":{\"@type\":\"EntryPoint\",\"urlTemplate\":\"https:\\\/\\\/www.casaholisticamaschwitz.com\\\/dragondeloto\\\/?s={search_term_string}\"},\"query-input\":{\"@type\":\"PropertyValueSpecification\",\"valueRequired\":true,\"valueName\":\"search_term_string\"}}],\"inLanguage\":\"es\"},{\"@type\":[\"Person\",\"Organization\"],\"@id\":\"https:\\\/\\\/www.casaholisticamaschwitz.com\\\/dragondeloto\\\/#\\\/schema\\\/person\\\/595faa0c3a5b12bcf2efba565ce6e56a\",\"name\":\"Nerina Wu Lan Qian\",\"pronouns\":\"ella\\\/la\",\"image\":{\"@type\":\"ImageObject\",\"inLanguage\":\"es\",\"@id\":\"https:\\\/\\\/www.casaholisticamaschwitz.com\\\/dragondeloto\\\/wp-content\\\/uploads\\\/2026\\\/03\\\/Escuela-Dragon-de-Loto-fondo-rojo.png\",\"url\":\"https:\\\/\\\/www.casaholisticamaschwitz.com\\\/dragondeloto\\\/wp-content\\\/uploads\\\/2026\\\/03\\\/Escuela-Dragon-de-Loto-fondo-rojo.png\",\"contentUrl\":\"https:\\\/\\\/www.casaholisticamaschwitz.com\\\/dragondeloto\\\/wp-content\\\/uploads\\\/2026\\\/03\\\/Escuela-Dragon-de-Loto-fondo-rojo.png\",\"width\":616,\"height\":608,\"caption\":\"Nerina Wu Lan Qian\"},\"logo\":{\"@id\":\"https:\\\/\\\/www.casaholisticamaschwitz.com\\\/dragondeloto\\\/wp-content\\\/uploads\\\/2026\\\/03\\\/Escuela-Dragon-de-Loto-fondo-rojo.png\"},\"description\":\"Nerina (Wu Lan Qian) es Profesora Terapeuta en Qi Gong, instructora de Taijiquan y Mulanquan, y directora de la escuela Drag\u00f3n de Loto. Es 1er Dan de Kung Fu y cuenta con m\u00e1s de dos d\u00e9cadas de formaci\u00f3n y perfeccionamiento en artes marciales y disciplinas de cultivo energ\u00e9tico. Disc\u00edpula de la Maestra Ana Wu, su ense\u00f1anza se basa principalmente en el sistema Daoyin Yangsheng Gong, integrando principios de la Medicina Tradicional China, cultivo de la energ\u00eda y h\u00e1bitos naturales para la salud. Desde 2011 transmite estas pr\u00e1cticas mediante formaciones, tutor\u00edas, clases presenciales y a distancia.\",\"sameAs\":[\"http:\\\/\\\/www.casaholisticamaschwitz.com\\\/dragondeloto\",\"https:\\\/\\\/www.facebook.com\\\/nerina.armonia.integral\",\"https:\\\/\\\/www.instagram.com\\\/nerina.armonia.integral\\\/\",\"https:\\\/\\\/www.linkedin.com\\\/in\\\/nerina-scandroglio-3118b4a4\\\/\",\"https:\\\/\\\/www.youtube.com\\\/@dragondeloto\"]}]}<\/script>\n<!-- \/ Yoast SEO plugin. -->","yoast_head_json":{"title":"Mulanquan en Argentina \u2013 Formaci\u00f3n y Clases | Drag\u00f3n de Loto","description":"Formaci\u00f3n en Mulanquan en Argentina. Clases y entrenamiento en este arte interno bajo la gu\u00eda de Nerina, disc\u00edpula de la Maestra Ana Wu.","robots":{"index":"index","follow":"follow","max-snippet":"max-snippet:-1","max-image-preview":"max-image-preview:large","max-video-preview":"max-video-preview:-1"},"canonical":"https:\/\/www.casaholisticamaschwitz.com\/dragondeloto\/programa-formacion-mulanquan\/","og_locale":"es_ES","og_type":"article","og_title":"Mulanquan en Argentina \u2013 Formaci\u00f3n y Clases | Drag\u00f3n de Loto","og_description":"Formaci\u00f3n en Mulanquan en Argentina. Clases y entrenamiento en este arte interno bajo la gu\u00eda de Nerina, disc\u00edpula de la Maestra Ana Wu.","og_url":"https:\/\/www.casaholisticamaschwitz.com\/dragondeloto\/programa-formacion-mulanquan\/","og_site_name":"Drag\u00f3n de Loto","article_publisher":"https:\/\/www.facebook.com\/nerina.armonia.integral","article_modified_time":"2026-03-28T20:34:12+00:00","og_image":[{"width":1600,"height":901,"url":"https:\/\/www.casaholisticamaschwitz.com\/dragondeloto\/wp-content\/uploads\/2024\/03\/contacto.jpg","type":"image\/jpeg"}],"twitter_card":"summary_large_image","twitter_misc":{"Tiempo de lectura":"2 minutos"},"schema":{"@context":"https:\/\/schema.org","@graph":[{"@type":"WebPage","@id":"https:\/\/www.casaholisticamaschwitz.com\/dragondeloto\/programa-formacion-mulanquan\/","url":"https:\/\/www.casaholisticamaschwitz.com\/dragondeloto\/programa-formacion-mulanquan\/","name":"Mulanquan en Argentina \u2013 Formaci\u00f3n y Clases | Drag\u00f3n de Loto","isPartOf":{"@id":"https:\/\/www.casaholisticamaschwitz.com\/dragondeloto\/#website"},"datePublished":"2024-12-24T18:41:17+00:00","dateModified":"2026-03-28T20:34:12+00:00","description":"Formaci\u00f3n en Mulanquan en Argentina. Clases y entrenamiento en este arte interno bajo la gu\u00eda de Nerina, disc\u00edpula de la Maestra Ana Wu.","breadcrumb":{"@id":"https:\/\/www.casaholisticamaschwitz.com\/dragondeloto\/programa-formacion-mulanquan\/#breadcrumb"},"inLanguage":"es","potentialAction":[{"@type":"ReadAction","target":["https:\/\/www.casaholisticamaschwitz.com\/dragondeloto\/programa-formacion-mulanquan\/"]}]},{"@type":"BreadcrumbList","@id":"https:\/\/www.casaholisticamaschwitz.com\/dragondeloto\/programa-formacion-mulanquan\/#breadcrumb","itemListElement":[{"@type":"ListItem","position":1,"name":"Portada","item":"https:\/\/www.casaholisticamaschwitz.com\/dragondeloto\/"},{"@type":"ListItem","position":2,"name":"Programa Formaci\u00f3n Mulanquan"}]},{"@type":"WebSite","@id":"https:\/\/www.casaholisticamaschwitz.com\/dragondeloto\/#website","url":"https:\/\/www.casaholisticamaschwitz.com\/dragondeloto\/","name":"Drag\u00f3n de Loto","description":"Qi Gong, Taijiquan, Mulanquan","publisher":{"@id":"https:\/\/www.casaholisticamaschwitz.com\/dragondeloto\/#\/schema\/person\/595faa0c3a5b12bcf2efba565ce6e56a"},"alternateName":"Qi Gong a distancia","potentialAction":[{"@type":"SearchAction","target":{"@type":"EntryPoint","urlTemplate":"https:\/\/www.casaholisticamaschwitz.com\/dragondeloto\/?s={search_term_string}"},"query-input":{"@type":"PropertyValueSpecification","valueRequired":true,"valueName":"search_term_string"}}],"inLanguage":"es"},{"@type":["Person","Organization"],"@id":"https:\/\/www.casaholisticamaschwitz.com\/dragondeloto\/#\/schema\/person\/595faa0c3a5b12bcf2efba565ce6e56a","name":"Nerina Wu Lan Qian","pronouns":"ella\/la","image":{"@type":"ImageObject","inLanguage":"es","@id":"https:\/\/www.casaholisticamaschwitz.com\/dragondeloto\/wp-content\/uploads\/2026\/03\/Escuela-Dragon-de-Loto-fondo-rojo.png","url":"https:\/\/www.casaholisticamaschwitz.com\/dragondeloto\/wp-content\/uploads\/2026\/03\/Escuela-Dragon-de-Loto-fondo-rojo.png","contentUrl":"https:\/\/www.casaholisticamaschwitz.com\/dragondeloto\/wp-content\/uploads\/2026\/03\/Escuela-Dragon-de-Loto-fondo-rojo.png","width":616,"height":608,"caption":"Nerina Wu Lan Qian"},"logo":{"@id":"https:\/\/www.casaholisticamaschwitz.com\/dragondeloto\/wp-content\/uploads\/2026\/03\/Escuela-Dragon-de-Loto-fondo-rojo.png"},"description":"Nerina (Wu Lan Qian) es Profesora Terapeuta en Qi Gong, instructora de Taijiquan y Mulanquan, y directora de la escuela Drag\u00f3n de Loto. Es 1er Dan de Kung Fu y cuenta con m\u00e1s de dos d\u00e9cadas de formaci\u00f3n y perfeccionamiento en artes marciales y disciplinas de cultivo energ\u00e9tico. Disc\u00edpula de la Maestra Ana Wu, su ense\u00f1anza se basa principalmente en el sistema Daoyin Yangsheng Gong, integrando principios de la Medicina Tradicional China, cultivo de la energ\u00eda y h\u00e1bitos naturales para la salud. Desde 2011 transmite estas pr\u00e1cticas mediante formaciones, tutor\u00edas, clases presenciales y a distancia.","sameAs":["http:\/\/www.casaholisticamaschwitz.com\/dragondeloto","https:\/\/www.facebook.com\/nerina.armonia.integral","https:\/\/www.instagram.com\/nerina.armonia.integral\/","https:\/\/www.linkedin.com\/in\/nerina-scandroglio-3118b4a4\/","https:\/\/www.youtube.com\/@dragondeloto"]}]}},"_links":{"self":[{"href":"https:\/\/www.casaholisticamaschwitz.com\/dragondeloto\/wp-json\/wp\/v2\/pages\/1211","targetHints":{"allow":["GET"]}}],"collection":[{"href":"https:\/\/www.casaholisticamaschwitz.com\/dragondeloto\/wp-json\/wp\/v2\/pages"}],"about":[{"href":"https:\/\/www.casaholisticamaschwitz.com\/dragondeloto\/wp-json\/wp\/v2\/types\/page"}],"author":[{"embeddable":true,"href":"https:\/\/www.casaholisticamaschwitz.com\/dragondeloto\/wp-json\/wp\/v2\/users\/1"}],"replies":[{"embeddable":true,"href":"https:\/\/www.casaholisticamaschwitz.com\/dragondeloto\/wp-json\/wp\/v2\/comments?post=1211"}],"version-history":[{"count":59,"href":"https:\/\/www.casaholisticamaschwitz.com\/dragondeloto\/wp-json\/wp\/v2\/pages\/1211\/revisions"}],"predecessor-version":[{"id":1573,"href":"https:\/\/www.casaholisticamaschwitz.com\/dragondeloto\/wp-json\/wp\/v2\/pages\/1211\/revisions\/1573"}],"wp:attachment":[{"href":"https:\/\/www.casaholisticamaschwitz.com\/dragondeloto\/wp-json\/wp\/v2\/media?parent=1211"}],"curies":[{"name":"wp","href":"https:\/\/api.w.org\/{rel}","templated":true}]}}