{"id":937,"date":"2024-04-26T21:25:44","date_gmt":"2024-04-26T21:25:44","guid":{"rendered":"https:\/\/www.casaholisticamaschwitz.com\/dragondeloto\/?page_id=937"},"modified":"2024-06-22T22:49:28","modified_gmt":"2024-06-22T22:49:28","slug":"qi-gong-ba-duan-jin","status":"publish","type":"page","link":"https:\/\/www.casaholisticamaschwitz.com\/dragondeloto\/programa-formacion-qi-gong\/qi-gong-ba-duan-jin\/","title":{"rendered":"Qi Gong &#8211;  Ba Duan Jin"},"content":{"rendered":"","protected":false},"excerpt":{"rendered":"","protected":false},"author":1,"featured_media":0,"parent":484,"menu_order":0,"comment_status":"closed","ping_status":"closed","template":"wp-custom-template-ba-duan-jin","meta":{"_joinchat":[],"footnotes":""},"class_list":["post-937","page","type-page","status-publish","hentry"],"yoast_head":"<!-- This site is optimized with the Yoast SEO plugin v27.3 - https:\/\/yoast.com\/product\/yoast-seo-wordpress\/ -->\n<title>Qi Gong - Ba Duan Jin | Drag\u00f3n de Loto<\/title>\n<meta name=\"description\" content=\"Qi Gong - Ba Duan Jin, Las 8 Piezas de Seda son una serie de ejercicios de la escuela m\u00e9dico-tao\u00edsta en la que se realiza el cultivo externo de la Energ\u00eda Vital.\" \/>\n<meta name=\"robots\" content=\"index, follow, max-snippet:-1, max-image-preview:large, max-video-preview:-1\" \/>\n<link rel=\"canonical\" href=\"https:\/\/www.casaholisticamaschwitz.com\/dragondeloto\/programa-formacion-qi-gong\/qi-gong-ba-duan-jin\/\" \/>\n<meta property=\"og:locale\" content=\"es_ES\" \/>\n<meta property=\"og:type\" content=\"article\" \/>\n<meta property=\"og:title\" content=\"Qi Gong - Ba Duan Jin | Drag\u00f3n de Loto\" \/>\n<meta property=\"og:description\" content=\"Qi Gong - Ba Duan Jin, Las 8 Piezas de Seda son una serie de ejercicios de la escuela m\u00e9dico-tao\u00edsta en la que se realiza el cultivo externo de la Energ\u00eda Vital.\" \/>\n<meta property=\"og:url\" content=\"https:\/\/www.casaholisticamaschwitz.com\/dragondeloto\/programa-formacion-qi-gong\/qi-gong-ba-duan-jin\/\" \/>\n<meta property=\"og:site_name\" content=\"Drag\u00f3n de Loto\" \/>\n<meta property=\"article:publisher\" content=\"https:\/\/www.facebook.com\/nerina.armonia.integral\" \/>\n<meta property=\"article:modified_time\" content=\"2024-06-22T22:49:28+00:00\" \/>\n<meta property=\"og:image\" content=\"https:\/\/www.casaholisticamaschwitz.com\/dragondeloto\/wp-content\/uploads\/2024\/03\/contacto.jpg\" \/>\n\t<meta property=\"og:image:width\" content=\"1600\" \/>\n\t<meta property=\"og:image:height\" content=\"901\" \/>\n\t<meta property=\"og:image:type\" content=\"image\/jpeg\" \/>\n<meta name=\"twitter:card\" content=\"summary_large_image\" \/>\n<script type=\"application\/ld+json\" class=\"yoast-schema-graph\">{\"@context\":\"https:\\\/\\\/schema.org\",\"@graph\":[{\"@type\":\"WebPage\",\"@id\":\"https:\\\/\\\/www.casaholisticamaschwitz.com\\\/dragondeloto\\\/programa-formacion-qi-gong\\\/qi-gong-ba-duan-jin\\\/\",\"url\":\"https:\\\/\\\/www.casaholisticamaschwitz.com\\\/dragondeloto\\\/programa-formacion-qi-gong\\\/qi-gong-ba-duan-jin\\\/\",\"name\":\"Qi Gong - Ba Duan Jin | Drag\u00f3n de Loto\",\"isPartOf\":{\"@id\":\"https:\\\/\\\/www.casaholisticamaschwitz.com\\\/dragondeloto\\\/#website\"},\"datePublished\":\"2024-04-26T21:25:44+00:00\",\"dateModified\":\"2024-06-22T22:49:28+00:00\",\"description\":\"Qi Gong - Ba Duan Jin, Las 8 Piezas de Seda son una serie de ejercicios de la escuela m\u00e9dico-tao\u00edsta en la que se realiza el cultivo externo de la Energ\u00eda Vital.\",\"breadcrumb\":{\"@id\":\"https:\\\/\\\/www.casaholisticamaschwitz.com\\\/dragondeloto\\\/programa-formacion-qi-gong\\\/qi-gong-ba-duan-jin\\\/#breadcrumb\"},\"inLanguage\":\"es\",\"potentialAction\":[{\"@type\":\"ReadAction\",\"target\":[\"https:\\\/\\\/www.casaholisticamaschwitz.com\\\/dragondeloto\\\/programa-formacion-qi-gong\\\/qi-gong-ba-duan-jin\\\/\"]}]},{\"@type\":\"BreadcrumbList\",\"@id\":\"https:\\\/\\\/www.casaholisticamaschwitz.com\\\/dragondeloto\\\/programa-formacion-qi-gong\\\/qi-gong-ba-duan-jin\\\/#breadcrumb\",\"itemListElement\":[{\"@type\":\"ListItem\",\"position\":1,\"name\":\"Portada\",\"item\":\"https:\\\/\\\/www.casaholisticamaschwitz.com\\\/dragondeloto\\\/\"},{\"@type\":\"ListItem\",\"position\":2,\"name\":\"Programa Formaci\u00f3n Qi Gong\",\"item\":\"https:\\\/\\\/www.casaholisticamaschwitz.com\\\/dragondeloto\\\/programa-formacion-qi-gong\\\/\"},{\"@type\":\"ListItem\",\"position\":3,\"name\":\"Qi Gong &#8211; Ba Duan Jin\"}]},{\"@type\":\"WebSite\",\"@id\":\"https:\\\/\\\/www.casaholisticamaschwitz.com\\\/dragondeloto\\\/#website\",\"url\":\"https:\\\/\\\/www.casaholisticamaschwitz.com\\\/dragondeloto\\\/\",\"name\":\"Drag\u00f3n de Loto\",\"description\":\"Qi Gong, Taijiquan, Mulanquan\",\"publisher\":{\"@id\":\"https:\\\/\\\/www.casaholisticamaschwitz.com\\\/dragondeloto\\\/#\\\/schema\\\/person\\\/595faa0c3a5b12bcf2efba565ce6e56a\"},\"alternateName\":\"Qi Gong a distancia\",\"potentialAction\":[{\"@type\":\"SearchAction\",\"target\":{\"@type\":\"EntryPoint\",\"urlTemplate\":\"https:\\\/\\\/www.casaholisticamaschwitz.com\\\/dragondeloto\\\/?s={search_term_string}\"},\"query-input\":{\"@type\":\"PropertyValueSpecification\",\"valueRequired\":true,\"valueName\":\"search_term_string\"}}],\"inLanguage\":\"es\"},{\"@type\":[\"Person\",\"Organization\"],\"@id\":\"https:\\\/\\\/www.casaholisticamaschwitz.com\\\/dragondeloto\\\/#\\\/schema\\\/person\\\/595faa0c3a5b12bcf2efba565ce6e56a\",\"name\":\"Nerina Wu Lan Qian\",\"pronouns\":\"ella\\\/la\",\"image\":{\"@type\":\"ImageObject\",\"inLanguage\":\"es\",\"@id\":\"https:\\\/\\\/www.casaholisticamaschwitz.com\\\/dragondeloto\\\/wp-content\\\/uploads\\\/2026\\\/03\\\/Escuela-Dragon-de-Loto-fondo-rojo.png\",\"url\":\"https:\\\/\\\/www.casaholisticamaschwitz.com\\\/dragondeloto\\\/wp-content\\\/uploads\\\/2026\\\/03\\\/Escuela-Dragon-de-Loto-fondo-rojo.png\",\"contentUrl\":\"https:\\\/\\\/www.casaholisticamaschwitz.com\\\/dragondeloto\\\/wp-content\\\/uploads\\\/2026\\\/03\\\/Escuela-Dragon-de-Loto-fondo-rojo.png\",\"width\":616,\"height\":608,\"caption\":\"Nerina Wu Lan Qian\"},\"logo\":{\"@id\":\"https:\\\/\\\/www.casaholisticamaschwitz.com\\\/dragondeloto\\\/wp-content\\\/uploads\\\/2026\\\/03\\\/Escuela-Dragon-de-Loto-fondo-rojo.png\"},\"description\":\"Nerina (Wu Lan Qian) es Profesora Terapeuta en Qi Gong, instructora de Taijiquan y Mulanquan, y directora de la escuela Drag\u00f3n de Loto. Es 1er Dan de Kung Fu y cuenta con m\u00e1s de dos d\u00e9cadas de formaci\u00f3n y perfeccionamiento en artes marciales y disciplinas de cultivo energ\u00e9tico. Disc\u00edpula de la Maestra Ana Wu, su ense\u00f1anza se basa principalmente en el sistema Daoyin Yangsheng Gong, integrando principios de la Medicina Tradicional China, cultivo de la energ\u00eda y h\u00e1bitos naturales para la salud. Desde 2011 transmite estas pr\u00e1cticas mediante formaciones, tutor\u00edas, clases presenciales y a distancia.\",\"sameAs\":[\"http:\\\/\\\/www.casaholisticamaschwitz.com\\\/dragondeloto\",\"https:\\\/\\\/www.facebook.com\\\/nerina.armonia.integral\",\"https:\\\/\\\/www.instagram.com\\\/nerina.armonia.integral\\\/\",\"https:\\\/\\\/www.linkedin.com\\\/in\\\/nerina-scandroglio-3118b4a4\\\/\",\"https:\\\/\\\/www.youtube.com\\\/@dragondeloto\"]}]}<\/script>\n<!-- \/ Yoast SEO plugin. -->","yoast_head_json":{"title":"Qi Gong - Ba Duan Jin | Drag\u00f3n de Loto","description":"Qi Gong - Ba Duan Jin, Las 8 Piezas de Seda son una serie de ejercicios de la escuela m\u00e9dico-tao\u00edsta en la que se realiza el cultivo externo de la Energ\u00eda Vital.","robots":{"index":"index","follow":"follow","max-snippet":"max-snippet:-1","max-image-preview":"max-image-preview:large","max-video-preview":"max-video-preview:-1"},"canonical":"https:\/\/www.casaholisticamaschwitz.com\/dragondeloto\/programa-formacion-qi-gong\/qi-gong-ba-duan-jin\/","og_locale":"es_ES","og_type":"article","og_title":"Qi Gong - Ba Duan Jin | Drag\u00f3n de Loto","og_description":"Qi Gong - Ba Duan Jin, Las 8 Piezas de Seda son una serie de ejercicios de la escuela m\u00e9dico-tao\u00edsta en la que se realiza el cultivo externo de la Energ\u00eda Vital.","og_url":"https:\/\/www.casaholisticamaschwitz.com\/dragondeloto\/programa-formacion-qi-gong\/qi-gong-ba-duan-jin\/","og_site_name":"Drag\u00f3n de Loto","article_publisher":"https:\/\/www.facebook.com\/nerina.armonia.integral","article_modified_time":"2024-06-22T22:49:28+00:00","og_image":[{"width":1600,"height":901,"url":"https:\/\/www.casaholisticamaschwitz.com\/dragondeloto\/wp-content\/uploads\/2024\/03\/contacto.jpg","type":"image\/jpeg"}],"twitter_card":"summary_large_image","schema":{"@context":"https:\/\/schema.org","@graph":[{"@type":"WebPage","@id":"https:\/\/www.casaholisticamaschwitz.com\/dragondeloto\/programa-formacion-qi-gong\/qi-gong-ba-duan-jin\/","url":"https:\/\/www.casaholisticamaschwitz.com\/dragondeloto\/programa-formacion-qi-gong\/qi-gong-ba-duan-jin\/","name":"Qi Gong - Ba Duan Jin | Drag\u00f3n de Loto","isPartOf":{"@id":"https:\/\/www.casaholisticamaschwitz.com\/dragondeloto\/#website"},"datePublished":"2024-04-26T21:25:44+00:00","dateModified":"2024-06-22T22:49:28+00:00","description":"Qi Gong - Ba Duan Jin, Las 8 Piezas de Seda son una serie de ejercicios de la escuela m\u00e9dico-tao\u00edsta en la que se realiza el cultivo externo de la Energ\u00eda Vital.","breadcrumb":{"@id":"https:\/\/www.casaholisticamaschwitz.com\/dragondeloto\/programa-formacion-qi-gong\/qi-gong-ba-duan-jin\/#breadcrumb"},"inLanguage":"es","potentialAction":[{"@type":"ReadAction","target":["https:\/\/www.casaholisticamaschwitz.com\/dragondeloto\/programa-formacion-qi-gong\/qi-gong-ba-duan-jin\/"]}]},{"@type":"BreadcrumbList","@id":"https:\/\/www.casaholisticamaschwitz.com\/dragondeloto\/programa-formacion-qi-gong\/qi-gong-ba-duan-jin\/#breadcrumb","itemListElement":[{"@type":"ListItem","position":1,"name":"Portada","item":"https:\/\/www.casaholisticamaschwitz.com\/dragondeloto\/"},{"@type":"ListItem","position":2,"name":"Programa Formaci\u00f3n Qi Gong","item":"https:\/\/www.casaholisticamaschwitz.com\/dragondeloto\/programa-formacion-qi-gong\/"},{"@type":"ListItem","position":3,"name":"Qi Gong &#8211; Ba Duan Jin"}]},{"@type":"WebSite","@id":"https:\/\/www.casaholisticamaschwitz.com\/dragondeloto\/#website","url":"https:\/\/www.casaholisticamaschwitz.com\/dragondeloto\/","name":"Drag\u00f3n de Loto","description":"Qi Gong, Taijiquan, Mulanquan","publisher":{"@id":"https:\/\/www.casaholisticamaschwitz.com\/dragondeloto\/#\/schema\/person\/595faa0c3a5b12bcf2efba565ce6e56a"},"alternateName":"Qi Gong a distancia","potentialAction":[{"@type":"SearchAction","target":{"@type":"EntryPoint","urlTemplate":"https:\/\/www.casaholisticamaschwitz.com\/dragondeloto\/?s={search_term_string}"},"query-input":{"@type":"PropertyValueSpecification","valueRequired":true,"valueName":"search_term_string"}}],"inLanguage":"es"},{"@type":["Person","Organization"],"@id":"https:\/\/www.casaholisticamaschwitz.com\/dragondeloto\/#\/schema\/person\/595faa0c3a5b12bcf2efba565ce6e56a","name":"Nerina Wu Lan Qian","pronouns":"ella\/la","image":{"@type":"ImageObject","inLanguage":"es","@id":"https:\/\/www.casaholisticamaschwitz.com\/dragondeloto\/wp-content\/uploads\/2026\/03\/Escuela-Dragon-de-Loto-fondo-rojo.png","url":"https:\/\/www.casaholisticamaschwitz.com\/dragondeloto\/wp-content\/uploads\/2026\/03\/Escuela-Dragon-de-Loto-fondo-rojo.png","contentUrl":"https:\/\/www.casaholisticamaschwitz.com\/dragondeloto\/wp-content\/uploads\/2026\/03\/Escuela-Dragon-de-Loto-fondo-rojo.png","width":616,"height":608,"caption":"Nerina Wu Lan Qian"},"logo":{"@id":"https:\/\/www.casaholisticamaschwitz.com\/dragondeloto\/wp-content\/uploads\/2026\/03\/Escuela-Dragon-de-Loto-fondo-rojo.png"},"description":"Nerina (Wu Lan Qian) es Profesora Terapeuta en Qi Gong, instructora de Taijiquan y Mulanquan, y directora de la escuela Drag\u00f3n de Loto. Es 1er Dan de Kung Fu y cuenta con m\u00e1s de dos d\u00e9cadas de formaci\u00f3n y perfeccionamiento en artes marciales y disciplinas de cultivo energ\u00e9tico. Disc\u00edpula de la Maestra Ana Wu, su ense\u00f1anza se basa principalmente en el sistema Daoyin Yangsheng Gong, integrando principios de la Medicina Tradicional China, cultivo de la energ\u00eda y h\u00e1bitos naturales para la salud. Desde 2011 transmite estas pr\u00e1cticas mediante formaciones, tutor\u00edas, clases presenciales y a distancia.","sameAs":["http:\/\/www.casaholisticamaschwitz.com\/dragondeloto","https:\/\/www.facebook.com\/nerina.armonia.integral","https:\/\/www.instagram.com\/nerina.armonia.integral\/","https:\/\/www.linkedin.com\/in\/nerina-scandroglio-3118b4a4\/","https:\/\/www.youtube.com\/@dragondeloto"]}]}},"_links":{"self":[{"href":"https:\/\/www.casaholisticamaschwitz.com\/dragondeloto\/wp-json\/wp\/v2\/pages\/937","targetHints":{"allow":["GET"]}}],"collection":[{"href":"https:\/\/www.casaholisticamaschwitz.com\/dragondeloto\/wp-json\/wp\/v2\/pages"}],"about":[{"href":"https:\/\/www.casaholisticamaschwitz.com\/dragondeloto\/wp-json\/wp\/v2\/types\/page"}],"author":[{"embeddable":true,"href":"https:\/\/www.casaholisticamaschwitz.com\/dragondeloto\/wp-json\/wp\/v2\/users\/1"}],"replies":[{"embeddable":true,"href":"https:\/\/www.casaholisticamaschwitz.com\/dragondeloto\/wp-json\/wp\/v2\/comments?post=937"}],"version-history":[{"count":2,"href":"https:\/\/www.casaholisticamaschwitz.com\/dragondeloto\/wp-json\/wp\/v2\/pages\/937\/revisions"}],"predecessor-version":[{"id":939,"href":"https:\/\/www.casaholisticamaschwitz.com\/dragondeloto\/wp-json\/wp\/v2\/pages\/937\/revisions\/939"}],"up":[{"embeddable":true,"href":"https:\/\/www.casaholisticamaschwitz.com\/dragondeloto\/wp-json\/wp\/v2\/pages\/484"}],"wp:attachment":[{"href":"https:\/\/www.casaholisticamaschwitz.com\/dragondeloto\/wp-json\/wp\/v2\/media?parent=937"}],"curies":[{"name":"wp","href":"https:\/\/api.w.org\/{rel}","templated":true}]}}